{"id":945,"date":"2021-08-21T14:56:57","date_gmt":"2021-08-21T14:56:57","guid":{"rendered":"http:\/\/buena-muntu.fr\/?page_id=945"},"modified":"2026-01-10T10:35:41","modified_gmt":"2026-01-10T09:35:41","slug":"parler-tshiluba-niveau-1-list-lessons","status":"publish","type":"page","link":"https:\/\/anyishayi.org\/?page_id=945","title":{"rendered":"Parler Tshiluba &#8211; Cours niveau 1"},"content":{"rendered":"Vous devez \u00eatre connect\u00e9 pour voir ce contenu.","protected":false},"excerpt":{"rendered":"Vous devez \u00eatre connect\u00e9 pour voir ce contenu.","protected":false},"author":1,"featured_media":0,"parent":0,"menu_order":0,"comment_status":"closed","ping_status":"closed","template":"","meta":{"footnotes":""},"class_list":["post-945","page","type-page","status-publish","hentry"],"_links":{"self":[{"href":"https:\/\/anyishayi.org\/index.php?rest_route=\/wp\/v2\/pages\/945","targetHints":{"allow":["GET"]}}],"collection":[{"href":"https:\/\/anyishayi.org\/index.php?rest_route=\/wp\/v2\/pages"}],"about":[{"href":"https:\/\/anyishayi.org\/index.php?rest_route=\/wp\/v2\/types\/page"}],"author":[{"embeddable":true,"href":"https:\/\/anyishayi.org\/index.php?rest_route=\/wp\/v2\/users\/1"}],"replies":[{"embeddable":true,"href":"https:\/\/anyishayi.org\/index.php?rest_route=%2Fwp%2Fv2%2Fcomments&post=945"}],"version-history":[{"count":18,"href":"https:\/\/anyishayi.org\/index.php?rest_route=\/wp\/v2\/pages\/945\/revisions"}],"predecessor-version":[{"id":6672,"href":"https:\/\/anyishayi.org\/index.php?rest_route=\/wp\/v2\/pages\/945\/revisions\/6672"}],"wp:attachment":[{"href":"https:\/\/anyishayi.org\/index.php?rest_route=%2Fwp%2Fv2%2Fmedia&parent=945"}],"curies":[{"name":"wp","href":"https:\/\/api.w.org\/{rel}","templated":true}]}}