{"id":4413,"date":"2022-08-09T17:54:44","date_gmt":"2022-08-09T16:54:44","guid":{"rendered":"https:\/\/buena-muntu.fr\/?page_id=4413"},"modified":"2022-08-09T18:20:16","modified_gmt":"2022-08-09T17:20:16","slug":"page-perte-mdp","status":"publish","type":"page","link":"https:\/\/anyishayi.org\/?page_id=4413","title":{"rendered":"Page perte mdp"},"content":{"rendered":"\t\t<div data-elementor-type=\"wp-page\" data-elementor-id=\"4413\" class=\"elementor elementor-4413\">\n\t\t\t\t\t\t<section class=\"elementor-section elementor-top-section elementor-element elementor-element-b298150 elementor-section-boxed elementor-section-height-default elementor-section-height-default parallax_section_no qode_elementor_container_no\" data-id=\"b298150\" data-element_type=\"section\" data-e-type=\"section\">\n\t\t\t\t\t\t<div class=\"elementor-container elementor-column-gap-default\">\n\t\t\t\t\t<div class=\"elementor-column elementor-col-100 elementor-top-column elementor-element elementor-element-3cbd3c2\" data-id=\"3cbd3c2\" data-element_type=\"column\" data-e-type=\"column\">\n\t\t\t<div class=\"elementor-widget-wrap elementor-element-populated\">\n\t\t\t\t\t\t<div class=\"elementor-element elementor-element-be51d27 elementor-widget elementor-widget-text-editor\" data-id=\"be51d27\" data-element_type=\"widget\" data-e-type=\"widget\" data-widget_type=\"text-editor.default\">\n\t\t\t\t<div class=\"elementor-widget-container\">\n\t\t\t\t\t\t\t\t\t<p><span style=\"font-size: 18pt;\"><div id=\"wpmem_login\"><a id=\"pwdreset\"><\/a><form action=\"https:\/\/anyishayi.org\/?page_id=4413\" method=\"POST\" id=\"wpmem_pwdreset_form\" class=\"form\"><input type=\"hidden\" id=\"_wpmem_pwdreset_nonce\" name=\"_wpmem_pwdreset_nonce\" value=\"937eb29a62\" \/><input type=\"hidden\" name=\"_wp_http_referer\" value=\"\/index.php?rest_route=%2Fwp%2Fv2%2Fpages%2F4413\" \/><fieldset><legend>R\u00e9initialiser le mot de passe oubli\u00e9<\/legend><label for=\"user\">Identifiant ou e-mail<\/label><div class=\"div_text\"><input name=\"user\" type=\"text\" id=\"user\" value=\"\" class=\"username\" required  \/><\/div><input name=\"a\" type=\"hidden\" value=\"pwdreset\" \/><input name=\"redirect_to\" type=\"hidden\" value=\"\/index.php?rest_route=%2Fwp%2Fv2%2Fpages%2F4413\" \/><input name=\"formsubmit\" type=\"hidden\" value=\"1\" \/><div class=\"button_div\"><input type=\"submit\" name=\"Submit\" value=\"R\u00e9initialiser le mot de passe\" class=\"buttons\" \/><\/div><div class=\"link-text\"><span class=\"link-text-username\">Identifiant oubli\u00e9\u00a0?&nbsp;<a href=\"https:\/\/anyishayi.org\/?page_id=4413%2F&#038;a=getusername\">Cliquer ici<\/a><\/span><\/div><\/fieldset><\/form><\/div><\/span><\/p>\t\t\t\t\t\t\t\t<\/div>\n\t\t\t\t<\/div>\n\t\t\t\t\t<\/div>\n\t\t<\/div>\n\t\t\t\t\t<\/div>\n\t\t<\/section>\n\t\t\t\t<\/div>\n\t\t","protected":false},"excerpt":{"rendered":"R\u00e9initialiser le mot de passe oubli\u00e9Identifiant ou e-mailIdentifiant oubli\u00e9\u00a0?&nbsp;Cliquer ici","protected":false},"author":1,"featured_media":0,"parent":0,"menu_order":0,"comment_status":"closed","ping_status":"closed","template":"","meta":{"footnotes":""},"class_list":["post-4413","page","type-page","status-publish","hentry"],"_links":{"self":[{"href":"https:\/\/anyishayi.org\/index.php?rest_route=\/wp\/v2\/pages\/4413","targetHints":{"allow":["GET"]}}],"collection":[{"href":"https:\/\/anyishayi.org\/index.php?rest_route=\/wp\/v2\/pages"}],"about":[{"href":"https:\/\/anyishayi.org\/index.php?rest_route=\/wp\/v2\/types\/page"}],"author":[{"embeddable":true,"href":"https:\/\/anyishayi.org\/index.php?rest_route=\/wp\/v2\/users\/1"}],"replies":[{"embeddable":true,"href":"https:\/\/anyishayi.org\/index.php?rest_route=%2Fwp%2Fv2%2Fcomments&post=4413"}],"version-history":[{"count":0,"href":"https:\/\/anyishayi.org\/index.php?rest_route=\/wp\/v2\/pages\/4413\/revisions"}],"wp:attachment":[{"href":"https:\/\/anyishayi.org\/index.php?rest_route=%2Fwp%2Fv2%2Fmedia&parent=4413"}],"curies":[{"name":"wp","href":"https:\/\/api.w.org\/{rel}","templated":true}]}}