{"id":4271,"date":"2022-07-18T16:19:15","date_gmt":"2022-07-18T15:19:15","guid":{"rendered":"https:\/\/buena-muntu.fr\/?page_id=4271"},"modified":"2022-08-09T07:18:58","modified_gmt":"2022-08-09T06:18:58","slug":"temoignages-audios","status":"publish","type":"page","link":"https:\/\/anyishayi.org\/?page_id=4271","title":{"rendered":"T\u00e9moignages audio"},"content":{"rendered":"\t\t<div data-elementor-type=\"wp-page\" data-elementor-id=\"4271\" class=\"elementor elementor-4271\">\n\t\t\t\t\t\t<section class=\"elementor-section elementor-top-section elementor-element elementor-element-48f234c elementor-section-boxed elementor-section-height-default elementor-section-height-default parallax_section_no qode_elementor_container_no\" data-id=\"48f234c\" data-element_type=\"section\" data-e-type=\"section\">\n\t\t\t\t\t\t<div class=\"elementor-container elementor-column-gap-default\">\n\t\t\t\t\t<div class=\"elementor-column elementor-col-100 elementor-top-column elementor-element elementor-element-6e5455f\" data-id=\"6e5455f\" data-element_type=\"column\" data-e-type=\"column\">\n\t\t\t<div class=\"elementor-widget-wrap elementor-element-populated\">\n\t\t\t\t\t\t<div class=\"elementor-element elementor-element-87d0154 elementor-widget elementor-widget-heading\" data-id=\"87d0154\" data-element_type=\"widget\" data-e-type=\"widget\" data-widget_type=\"heading.default\">\n\t\t\t\t<div class=\"elementor-widget-container\">\n\t\t\t\t\t<h2 class=\"elementor-heading-title elementor-size-default\">T\u00e9moignages<\/h2>\t\t\t\t<\/div>\n\t\t\t\t<\/div>\n\t\t\t\t\t<\/div>\n\t\t<\/div>\n\t\t\t\t\t<\/div>\n\t\t<\/section>\n\t\t\t\t<section class=\"elementor-section elementor-top-section elementor-element elementor-element-ea65cb8 elementor-section-boxed elementor-section-height-default elementor-section-height-default parallax_section_no qode_elementor_container_no\" data-id=\"ea65cb8\" data-element_type=\"section\" data-e-type=\"section\">\n\t\t\t\t\t\t<div class=\"elementor-container elementor-column-gap-default\">\n\t\t\t\t\t<div class=\"elementor-column elementor-col-100 elementor-top-column elementor-element elementor-element-c999831\" data-id=\"c999831\" data-element_type=\"column\" data-e-type=\"column\">\n\t\t\t<div class=\"elementor-widget-wrap elementor-element-populated\">\n\t\t\t\t\t\t<section class=\"elementor-section elementor-inner-section elementor-element elementor-element-e97b5d9 elementor-section-boxed elementor-section-height-default elementor-section-height-default parallax_section_no qode_elementor_container_no\" data-id=\"e97b5d9\" data-element_type=\"section\" data-e-type=\"section\">\n\t\t\t\t\t\t<div class=\"elementor-container elementor-column-gap-default\">\n\t\t\t\t\t<div class=\"elementor-column elementor-col-50 elementor-inner-column elementor-element elementor-element-4da834d\" data-id=\"4da834d\" data-element_type=\"column\" data-e-type=\"column\">\n\t\t\t<div class=\"elementor-widget-wrap elementor-element-populated\">\n\t\t\t\t\t\t<div class=\"elementor-element elementor-element-f717814 elementor-widget elementor-widget-image\" data-id=\"f717814\" data-element_type=\"widget\" data-e-type=\"widget\" data-widget_type=\"image.default\">\n\t\t\t\t<div class=\"elementor-widget-container\">\n\t\t\t\t\t\t\t\t\t\t\t\t\t\t\t<img fetchpriority=\"high\" decoding=\"async\" width=\"300\" height=\"300\" src=\"https:\/\/anyishayi.org\/wp-content\/uploads\/2022\/07\/Eric-Buanga-300x300.png\" class=\"attachment-thumblist size-thumblist wp-image-4338\" alt=\"\" srcset=\"https:\/\/anyishayi.org\/wp-content\/uploads\/2022\/07\/Eric-Buanga-300x300.png 300w, https:\/\/anyishayi.org\/wp-content\/uploads\/2022\/07\/Eric-Buanga-150x150.png 150w, https:\/\/anyishayi.org\/wp-content\/uploads\/2022\/07\/Eric-Buanga-570x570.png 570w, https:\/\/anyishayi.org\/wp-content\/uploads\/2022\/07\/Eric-Buanga-500x500.png 500w, https:\/\/anyishayi.org\/wp-content\/uploads\/2022\/07\/Eric-Buanga-100x100.png 100w, https:\/\/anyishayi.org\/wp-content\/uploads\/2022\/07\/Eric-Buanga-560x560.png 560w, https:\/\/anyishayi.org\/wp-content\/uploads\/2022\/07\/Eric-Buanga.png 578w\" sizes=\"(max-width: 300px) 100vw, 300px\" \/>\t\t\t\t\t\t\t\t\t\t\t\t\t\t\t<\/div>\n\t\t\t\t<\/div>\n\t\t\t\t\t<\/div>\n\t\t<\/div>\n\t\t\t\t<div class=\"elementor-column elementor-col-50 elementor-inner-column elementor-element elementor-element-b21e4e2\" data-id=\"b21e4e2\" data-element_type=\"column\" data-e-type=\"column\">\n\t\t\t<div class=\"elementor-widget-wrap elementor-element-populated\">\n\t\t\t\t\t\t<div class=\"elementor-element elementor-element-48150bb elementor-widget elementor-widget-text-editor\" data-id=\"48150bb\" data-element_type=\"widget\" data-e-type=\"widget\" data-widget_type=\"text-editor.default\">\n\t\t\t\t<div class=\"elementor-widget-container\">\n\t\t\t\t\t\t\t\t\t<p><span style=\"font-family: 'comic sans ms', sans-serif;\"><em><span style=\"font-size: 14pt;\">\u00ab\u00a0J\u2019ai pu am\u00e9liorer \u00e9norm\u00e9ment mon \u00e9coute. <br \/>Mon \u00e9pouse a grandi au Kasai et parle couramment le Tshiluba.<br \/>je l\u2019entends parler avec sa famille et souvent \u00e7a me frustrait de ne pas tout suivre.\u00a0\u00bb<\/span><\/em><\/span><\/p><p><em><span style=\"font-family: 'comic sans ms', sans-serif;\">Eric &#8211; 2\u00e8me ann\u00e9e\u00a0 \/ janvier 2022<\/span><\/em><\/p>\t\t\t\t\t\t\t\t<\/div>\n\t\t\t\t<\/div>\n\t\t\t\t\t<\/div>\n\t\t<\/div>\n\t\t\t\t\t<\/div>\n\t\t<\/section>\n\t\t\t\t\t<\/div>\n\t\t<\/div>\n\t\t\t\t\t<\/div>\n\t\t<\/section>\n\t\t\t\t<section class=\"elementor-section elementor-top-section elementor-element elementor-element-b127da7 elementor-section-boxed elementor-section-height-default elementor-section-height-default parallax_section_no qode_elementor_container_no\" data-id=\"b127da7\" data-element_type=\"section\" data-e-type=\"section\">\n\t\t\t\t\t\t<div class=\"elementor-container elementor-column-gap-default\">\n\t\t\t\t\t<div class=\"elementor-column elementor-col-100 elementor-top-column elementor-element elementor-element-e805ca7\" data-id=\"e805ca7\" data-element_type=\"column\" data-e-type=\"column\">\n\t\t\t<div class=\"elementor-widget-wrap elementor-element-populated\">\n\t\t\t\t\t\t<section class=\"elementor-section elementor-inner-section elementor-element elementor-element-6d71e86 elementor-section-boxed elementor-section-height-default elementor-section-height-default parallax_section_no qode_elementor_container_no\" data-id=\"6d71e86\" data-element_type=\"section\" data-e-type=\"section\">\n\t\t\t\t\t\t<div class=\"elementor-container elementor-column-gap-default\">\n\t\t\t\t\t<div class=\"elementor-column elementor-col-50 elementor-inner-column elementor-element elementor-element-8a13e61\" data-id=\"8a13e61\" data-element_type=\"column\" data-e-type=\"column\">\n\t\t\t<div class=\"elementor-widget-wrap elementor-element-populated\">\n\t\t\t\t\t\t<div class=\"elementor-element elementor-element-a875f1d elementor-widget elementor-widget-text-editor\" data-id=\"a875f1d\" data-element_type=\"widget\" data-e-type=\"widget\" data-widget_type=\"text-editor.default\">\n\t\t\t\t<div class=\"elementor-widget-container\">\n\t\t\t\t\t\t\t\t\t<p><span style=\"font-size: 14pt;\"><em><span style=\"font-family: 'comic sans ms', sans-serif;\">\u00ab\u00a0Je veux apprendre le Tshiluba. <br \/>Moi je ne suis pas du Kasai, je suis du Bas-Congo. <br \/>C\u2019est mon mari qui est du Kasayi.\u00a0\u00bb<\/span><\/em><\/span><\/p><p><em><span style=\"font-family: 'comic sans ms', sans-serif;\">Brigitte &#8211; 1\u00e8re ann\u00e9e \/ janvier 2022<\/span><\/em><\/p>\t\t\t\t\t\t\t\t<\/div>\n\t\t\t\t<\/div>\n\t\t\t\t<div class=\"elementor-element elementor-element-d2a8f2c elementor-widget elementor-widget-text-editor\" data-id=\"d2a8f2c\" data-element_type=\"widget\" data-e-type=\"widget\" data-widget_type=\"text-editor.default\">\n\t\t\t\t<div class=\"elementor-widget-container\">\n\t\t\t\t\t\t\t\t\t<p><audio class=\"wp-audio-shortcode\" id=\"audio-4271-1\" preload=\"none\" style=\"width: 100%;\" controls=\"controls\"><source type=\"audio\/mpeg\" src=\"https:\/\/buena-muntu.fr\/wp-content\/uploads\/2022\/07\/Temoignage-Brigitte-1.mp3?_=1\" \/><a href=\"https:\/\/buena-muntu.fr\/wp-content\/uploads\/2022\/07\/Temoignage-Brigitte-1.mp3\">https:\/\/buena-muntu.fr\/wp-content\/uploads\/2022\/07\/Temoignage-Brigitte-1.mp3<\/a><\/audio><\/p>\t\t\t\t\t\t\t\t<\/div>\n\t\t\t\t<\/div>\n\t\t\t\t\t<\/div>\n\t\t<\/div>\n\t\t\t\t<div class=\"elementor-column elementor-col-50 elementor-inner-column elementor-element elementor-element-f97c2a3\" data-id=\"f97c2a3\" data-element_type=\"column\" data-e-type=\"column\">\n\t\t\t<div class=\"elementor-widget-wrap elementor-element-populated\">\n\t\t\t\t\t\t<div class=\"elementor-element elementor-element-3ab6936 elementor-widget elementor-widget-image\" data-id=\"3ab6936\" data-element_type=\"widget\" data-e-type=\"widget\" data-widget_type=\"image.default\">\n\t\t\t\t<div class=\"elementor-widget-container\">\n\t\t\t\t\t\t\t\t\t\t\t\t\t\t\t<img decoding=\"async\" width=\"300\" height=\"300\" src=\"https:\/\/anyishayi.org\/wp-content\/uploads\/2022\/07\/Brigitte-Kunga-300x300.jpeg\" class=\"attachment-thumblist size-thumblist wp-image-4295\" alt=\"\" srcset=\"https:\/\/anyishayi.org\/wp-content\/uploads\/2022\/07\/Brigitte-Kunga-300x300.jpeg 300w, https:\/\/anyishayi.org\/wp-content\/uploads\/2022\/07\/Brigitte-Kunga-150x150.jpeg 150w, https:\/\/anyishayi.org\/wp-content\/uploads\/2022\/07\/Brigitte-Kunga-570x570.jpeg 570w, https:\/\/anyishayi.org\/wp-content\/uploads\/2022\/07\/Brigitte-Kunga-500x500.jpeg 500w, https:\/\/anyishayi.org\/wp-content\/uploads\/2022\/07\/Brigitte-Kunga-650x650.jpeg 650w, https:\/\/anyishayi.org\/wp-content\/uploads\/2022\/07\/Brigitte-Kunga-100x100.jpeg 100w, https:\/\/anyishayi.org\/wp-content\/uploads\/2022\/07\/Brigitte-Kunga-560x560.jpeg 560w\" sizes=\"(max-width: 300px) 100vw, 300px\" \/>\t\t\t\t\t\t\t\t\t\t\t\t\t\t\t<\/div>\n\t\t\t\t<\/div>\n\t\t\t\t\t<\/div>\n\t\t<\/div>\n\t\t\t\t\t<\/div>\n\t\t<\/section>\n\t\t\t\t\t<\/div>\n\t\t<\/div>\n\t\t\t\t\t<\/div>\n\t\t<\/section>\n\t\t\t\t<section class=\"elementor-section elementor-top-section elementor-element elementor-element-694782d elementor-section-boxed elementor-section-height-default elementor-section-height-default parallax_section_no qode_elementor_container_no\" data-id=\"694782d\" data-element_type=\"section\" data-e-type=\"section\">\n\t\t\t\t\t\t<div class=\"elementor-container elementor-column-gap-default\">\n\t\t\t\t\t<div class=\"elementor-column elementor-col-100 elementor-top-column elementor-element elementor-element-09f68e6\" data-id=\"09f68e6\" data-element_type=\"column\" data-e-type=\"column\">\n\t\t\t<div class=\"elementor-widget-wrap elementor-element-populated\">\n\t\t\t\t\t\t<section class=\"elementor-section elementor-inner-section elementor-element elementor-element-82e173c elementor-section-boxed elementor-section-height-default elementor-section-height-default parallax_section_no qode_elementor_container_no\" data-id=\"82e173c\" data-element_type=\"section\" data-e-type=\"section\">\n\t\t\t\t\t\t<div class=\"elementor-container elementor-column-gap-default\">\n\t\t\t\t\t<div class=\"elementor-column elementor-col-50 elementor-inner-column elementor-element elementor-element-de40f0a\" data-id=\"de40f0a\" data-element_type=\"column\" data-e-type=\"column\">\n\t\t\t<div class=\"elementor-widget-wrap elementor-element-populated\">\n\t\t\t\t\t\t<div class=\"elementor-element elementor-element-e628586 elementor-widget elementor-widget-image\" data-id=\"e628586\" data-element_type=\"widget\" data-e-type=\"widget\" data-widget_type=\"image.default\">\n\t\t\t\t<div class=\"elementor-widget-container\">\n\t\t\t\t\t\t\t\t\t\t\t\t\t\t\t<img decoding=\"async\" width=\"300\" height=\"300\" src=\"https:\/\/anyishayi.org\/wp-content\/uploads\/2022\/07\/deborah-ilunga-300x300.jpeg\" class=\"attachment-thumblist size-thumblist wp-image-4388\" alt=\"\" srcset=\"https:\/\/anyishayi.org\/wp-content\/uploads\/2022\/07\/deborah-ilunga-300x300.jpeg 300w, https:\/\/anyishayi.org\/wp-content\/uploads\/2022\/07\/deborah-ilunga-150x150.jpeg 150w, https:\/\/anyishayi.org\/wp-content\/uploads\/2022\/07\/deborah-ilunga-100x100.jpeg 100w\" sizes=\"(max-width: 300px) 100vw, 300px\" \/>\t\t\t\t\t\t\t\t\t\t\t\t\t\t\t<\/div>\n\t\t\t\t<\/div>\n\t\t\t\t\t<\/div>\n\t\t<\/div>\n\t\t\t\t<div class=\"elementor-column elementor-col-50 elementor-inner-column elementor-element elementor-element-3e0d36c\" data-id=\"3e0d36c\" data-element_type=\"column\" data-e-type=\"column\">\n\t\t\t<div class=\"elementor-widget-wrap elementor-element-populated\">\n\t\t\t\t\t\t<div class=\"elementor-element elementor-element-236eb96 elementor-widget elementor-widget-text-editor\" data-id=\"236eb96\" data-element_type=\"widget\" data-e-type=\"widget\" data-widget_type=\"text-editor.default\">\n\t\t\t\t<div class=\"elementor-widget-container\">\n\t\t\t\t\t\t\t\t\t<p><span style=\"font-family: 'comic sans ms', sans-serif; font-size: 14pt;\"><em>\u00ab\u00a0Je voulais en apprendre un peu plus sur ma culture, mes origines, pourquoi on fait telle chose, pour pouvoir le transmettre ensuite \u00e0 mes enfants.\u00a0\u00bb<\/em><\/span><\/p><p><span style=\"font-family: 'comic sans ms', sans-serif;\"><em>D\u00e9borah &#8211; 2\u00e8me ann\u00e9e \/ janvier 2022<\/em><\/span><\/p>\t\t\t\t\t\t\t\t<\/div>\n\t\t\t\t<\/div>\n\t\t\t\t<div class=\"elementor-element elementor-element-6c083ce elementor-widget elementor-widget-text-editor\" data-id=\"6c083ce\" data-element_type=\"widget\" data-e-type=\"widget\" data-widget_type=\"text-editor.default\">\n\t\t\t\t<div class=\"elementor-widget-container\">\n\t\t\t\t\t\t\t\t\t<p><audio class=\"wp-audio-shortcode\" id=\"audio-4271-2\" preload=\"none\" style=\"width: 100%;\" controls=\"controls\"><source type=\"audio\/mpeg\" src=\"https:\/\/buena-muntu.fr\/wp-content\/uploads\/2022\/07\/Temoignage-Deborah-2.mp3?_=2\" \/><a href=\"https:\/\/buena-muntu.fr\/wp-content\/uploads\/2022\/07\/Temoignage-Deborah-2.mp3\">https:\/\/buena-muntu.fr\/wp-content\/uploads\/2022\/07\/Temoignage-Deborah-2.mp3<\/a><\/audio><\/p>\t\t\t\t\t\t\t\t<\/div>\n\t\t\t\t<\/div>\n\t\t\t\t\t<\/div>\n\t\t<\/div>\n\t\t\t\t\t<\/div>\n\t\t<\/section>\n\t\t\t\t\t<\/div>\n\t\t<\/div>\n\t\t\t\t\t<\/div>\n\t\t<\/section>\n\t\t\t\t<section class=\"elementor-section elementor-top-section elementor-element elementor-element-7c2242e elementor-section-boxed elementor-section-height-default elementor-section-height-default parallax_section_no qode_elementor_container_no\" data-id=\"7c2242e\" data-element_type=\"section\" data-e-type=\"section\">\n\t\t\t\t\t\t<div class=\"elementor-container elementor-column-gap-default\">\n\t\t\t\t\t<div class=\"elementor-column elementor-col-50 elementor-top-column elementor-element elementor-element-298e6c9\" data-id=\"298e6c9\" data-element_type=\"column\" data-e-type=\"column\">\n\t\t\t<div class=\"elementor-widget-wrap elementor-element-populated\">\n\t\t\t\t\t\t<div class=\"elementor-element elementor-element-cc806e8 elementor-widget elementor-widget-image\" data-id=\"cc806e8\" data-element_type=\"widget\" data-e-type=\"widget\" data-widget_type=\"image.default\">\n\t\t\t\t<div class=\"elementor-widget-container\">\n\t\t\t\t\t\t\t\t\t\t\t\t\t\t\t<img loading=\"lazy\" decoding=\"async\" width=\"300\" height=\"300\" src=\"https:\/\/anyishayi.org\/wp-content\/uploads\/2022\/07\/Nzeba-Diana-300x300.jpeg\" class=\"attachment-thumblist size-thumblist wp-image-4296\" alt=\"\" srcset=\"https:\/\/anyishayi.org\/wp-content\/uploads\/2022\/07\/Nzeba-Diana-300x300.jpeg 300w, https:\/\/anyishayi.org\/wp-content\/uploads\/2022\/07\/Nzeba-Diana-150x150.jpeg 150w, https:\/\/anyishayi.org\/wp-content\/uploads\/2022\/07\/Nzeba-Diana-570x570.jpeg 570w, https:\/\/anyishayi.org\/wp-content\/uploads\/2022\/07\/Nzeba-Diana-500x500.jpeg 500w, https:\/\/anyishayi.org\/wp-content\/uploads\/2022\/07\/Nzeba-Diana-650x650.jpeg 650w, https:\/\/anyishayi.org\/wp-content\/uploads\/2022\/07\/Nzeba-Diana-100x100.jpeg 100w, https:\/\/anyishayi.org\/wp-content\/uploads\/2022\/07\/Nzeba-Diana-560x560.jpeg 560w\" sizes=\"(max-width: 300px) 100vw, 300px\" \/>\t\t\t\t\t\t\t\t\t\t\t\t\t\t\t<\/div>\n\t\t\t\t<\/div>\n\t\t\t\t\t<\/div>\n\t\t<\/div>\n\t\t\t\t<div class=\"elementor-column elementor-col-50 elementor-top-column elementor-element elementor-element-684ee07\" data-id=\"684ee07\" data-element_type=\"column\" data-e-type=\"column\">\n\t\t\t<div class=\"elementor-widget-wrap elementor-element-populated\">\n\t\t\t\t\t\t<div class=\"elementor-element elementor-element-2d0fefb elementor-widget elementor-widget-text-editor\" data-id=\"2d0fefb\" data-element_type=\"widget\" data-e-type=\"widget\" data-widget_type=\"text-editor.default\">\n\t\t\t\t<div class=\"elementor-widget-container\">\n\t\t\t\t\t\t\t\t\t<p><span style=\"font-family: 'comic sans ms', sans-serif; font-size: 14pt;\"><em>\u00ab\u00a0Les cours d\u2019histoire \u00e9taient tr\u00e8s int\u00e9ressants. <br \/>J\u2019ai vraiment beaucoup appris sur le mariage, sur l\u2019\u00e9ducation des enfants, la fa\u00e7on de vivre au village, notre culture\u2026\u00a0\u00bb<\/em><\/span><\/p><p><span style=\"font-family: 'comic sans ms', sans-serif;\"><em>Diana &#8211; 2\u00e8me ann\u00e9e \/ janvier 2022<\/em><\/span><\/p>\t\t\t\t\t\t\t\t<\/div>\n\t\t\t\t<\/div>\n\t\t\t\t<div class=\"elementor-element elementor-element-5f6c736 elementor-widget elementor-widget-text-editor\" data-id=\"5f6c736\" data-element_type=\"widget\" data-e-type=\"widget\" data-widget_type=\"text-editor.default\">\n\t\t\t\t<div class=\"elementor-widget-container\">\n\t\t\t\t\t\t\t\t\t<p><audio class=\"wp-audio-shortcode\" id=\"audio-4271-3\" preload=\"none\" style=\"width: 100%;\" controls=\"controls\"><source type=\"audio\/mpeg\" src=\"https:\/\/buena-muntu.fr\/wp-content\/uploads\/2022\/07\/Temoignage-Diana-3.mp3?_=3\" \/><a href=\"https:\/\/buena-muntu.fr\/wp-content\/uploads\/2022\/07\/Temoignage-Diana-3.mp3\">https:\/\/buena-muntu.fr\/wp-content\/uploads\/2022\/07\/Temoignage-Diana-3.mp3<\/a><\/audio><\/p>\t\t\t\t\t\t\t\t<\/div>\n\t\t\t\t<\/div>\n\t\t\t\t\t<\/div>\n\t\t<\/div>\n\t\t\t\t\t<\/div>\n\t\t<\/section>\n\t\t\t\t<section class=\"elementor-section elementor-top-section elementor-element elementor-element-0d67275 elementor-section-boxed elementor-section-height-default elementor-section-height-default parallax_section_no qode_elementor_container_no\" data-id=\"0d67275\" data-element_type=\"section\" data-e-type=\"section\">\n\t\t\t\t\t\t<div class=\"elementor-container elementor-column-gap-default\">\n\t\t\t\t\t<div class=\"elementor-column elementor-col-25 elementor-top-column elementor-element elementor-element-e13067a\" data-id=\"e13067a\" data-element_type=\"column\" data-e-type=\"column\">\n\t\t\t<div class=\"elementor-widget-wrap\">\n\t\t\t\t\t\t\t<\/div>\n\t\t<\/div>\n\t\t\t\t<div class=\"elementor-column elementor-col-25 elementor-top-column elementor-element elementor-element-bc6432a\" data-id=\"bc6432a\" data-element_type=\"column\" data-e-type=\"column\">\n\t\t\t<div class=\"elementor-widget-wrap elementor-element-populated\">\n\t\t\t\t\t\t<div class=\"elementor-element elementor-element-fdb955a elementor-widget elementor-widget-text-editor\" data-id=\"fdb955a\" data-element_type=\"widget\" data-e-type=\"widget\" data-widget_type=\"text-editor.default\">\n\t\t\t\t<div class=\"elementor-widget-container\">\n\t\t\t\t\t\t\t\t\t<p><span style=\"font-family: 'comic sans ms', sans-serif; font-size: 14pt;\"><em>\u00ab\u00a0J\u2019entendais les parents et les grand-m\u00e8res qui parlaient Tshiluba. <br \/>Je comprenais juste quelques mots mais je ne comprenais pas le contexte !<br \/>Suivre les cours m\u2019a donn\u00e9 un peu plus de confiance\u2026\u00a0\u00bb<\/em><\/span><\/p><p><span style=\"font-family: 'comic sans ms', sans-serif;\"><em>Zo\u00e9 &#8211; 2\u00e8me ann\u00e9e \/ janvier 2022<\/em><\/span><\/p>\t\t\t\t\t\t\t\t<\/div>\n\t\t\t\t<\/div>\n\t\t\t\t<div class=\"elementor-element elementor-element-f57cf38 elementor-widget elementor-widget-text-editor\" data-id=\"f57cf38\" data-element_type=\"widget\" data-e-type=\"widget\" data-widget_type=\"text-editor.default\">\n\t\t\t\t<div class=\"elementor-widget-container\">\n\t\t\t\t\t\t\t\t\t<p><audio class=\"wp-audio-shortcode\" id=\"audio-4271-4\" preload=\"none\" style=\"width: 100%;\" controls=\"controls\"><source type=\"audio\/mpeg\" src=\"https:\/\/buena-muntu.fr\/wp-content\/uploads\/2022\/07\/Temoignage-Zoe.mp3?_=4\" \/><a href=\"https:\/\/buena-muntu.fr\/wp-content\/uploads\/2022\/07\/Temoignage-Zoe.mp3\">https:\/\/buena-muntu.fr\/wp-content\/uploads\/2022\/07\/Temoignage-Zoe.mp3<\/a><\/audio><\/p>\t\t\t\t\t\t\t\t<\/div>\n\t\t\t\t<\/div>\n\t\t\t\t\t<\/div>\n\t\t<\/div>\n\t\t\t\t<div class=\"elementor-column elementor-col-25 elementor-top-column elementor-element elementor-element-2d2146e\" data-id=\"2d2146e\" data-element_type=\"column\" data-e-type=\"column\">\n\t\t\t<div class=\"elementor-widget-wrap elementor-element-populated\">\n\t\t\t\t\t\t<div class=\"elementor-element elementor-element-2f25eee elementor-widget elementor-widget-image\" data-id=\"2f25eee\" data-element_type=\"widget\" data-e-type=\"widget\" data-widget_type=\"image.default\">\n\t\t\t\t<div class=\"elementor-widget-container\">\n\t\t\t\t\t\t\t\t\t\t\t\t\t\t\t<img loading=\"lazy\" decoding=\"async\" width=\"300\" height=\"300\" src=\"https:\/\/anyishayi.org\/wp-content\/uploads\/2022\/07\/Zoe-Illunga-300x300.jpeg\" class=\"attachment-thumblist size-thumblist wp-image-4384\" alt=\"\" srcset=\"https:\/\/anyishayi.org\/wp-content\/uploads\/2022\/07\/Zoe-Illunga-300x300.jpeg 300w, https:\/\/anyishayi.org\/wp-content\/uploads\/2022\/07\/Zoe-Illunga-150x150.jpeg 150w, https:\/\/anyishayi.org\/wp-content\/uploads\/2022\/07\/Zoe-Illunga-570x570.jpeg 570w, https:\/\/anyishayi.org\/wp-content\/uploads\/2022\/07\/Zoe-Illunga-500x500.jpeg 500w, https:\/\/anyishayi.org\/wp-content\/uploads\/2022\/07\/Zoe-Illunga-1000x1000.jpeg 1000w, https:\/\/anyishayi.org\/wp-content\/uploads\/2022\/07\/Zoe-Illunga-650x650.jpeg 650w, https:\/\/anyishayi.org\/wp-content\/uploads\/2022\/07\/Zoe-Illunga-1300x1300.jpeg 1300w, https:\/\/anyishayi.org\/wp-content\/uploads\/2022\/07\/Zoe-Illunga-100x100.jpeg 100w, https:\/\/anyishayi.org\/wp-content\/uploads\/2022\/07\/Zoe-Illunga-560x560.jpeg 560w\" sizes=\"(max-width: 300px) 100vw, 300px\" \/>\t\t\t\t\t\t\t\t\t\t\t\t\t\t\t<\/div>\n\t\t\t\t<\/div>\n\t\t\t\t\t<\/div>\n\t\t<\/div>\n\t\t\t\t<div class=\"elementor-column elementor-col-25 elementor-top-column elementor-element elementor-element-308d974\" data-id=\"308d974\" data-element_type=\"column\" data-e-type=\"column\">\n\t\t\t<div class=\"elementor-widget-wrap\">\n\t\t\t\t\t\t\t<\/div>\n\t\t<\/div>\n\t\t\t\t\t<\/div>\n\t\t<\/section>\n\t\t\t\t<\/div>\n\t\t","protected":false},"excerpt":{"rendered":"<p>T\u00e9moignages \u00ab\u00a0J\u2019ai pu am\u00e9liorer \u00e9norm\u00e9ment mon \u00e9coute. Mon \u00e9pouse a grandi au Kasai et parle couramment le Tshiluba. je l\u2019entends parler avec sa famille et souvent \u00e7a me frustrait de ne pas tout suivre.\u00a0\u00bb Eric &#8211; 2\u00e8me ann\u00e9e&nbsp; \/ janvier 2022 \u00ab\u00a0Je veux apprendre le&#8230;<\/p>\n","protected":false},"author":1,"featured_media":0,"parent":0,"menu_order":0,"comment_status":"closed","ping_status":"closed","template":"","meta":{"footnotes":""},"class_list":["post-4271","page","type-page","status-publish","hentry"],"_links":{"self":[{"href":"https:\/\/anyishayi.org\/index.php?rest_route=\/wp\/v2\/pages\/4271","targetHints":{"allow":["GET"]}}],"collection":[{"href":"https:\/\/anyishayi.org\/index.php?rest_route=\/wp\/v2\/pages"}],"about":[{"href":"https:\/\/anyishayi.org\/index.php?rest_route=\/wp\/v2\/types\/page"}],"author":[{"embeddable":true,"href":"https:\/\/anyishayi.org\/index.php?rest_route=\/wp\/v2\/users\/1"}],"replies":[{"embeddable":true,"href":"https:\/\/anyishayi.org\/index.php?rest_route=%2Fwp%2Fv2%2Fcomments&post=4271"}],"version-history":[{"count":0,"href":"https:\/\/anyishayi.org\/index.php?rest_route=\/wp\/v2\/pages\/4271\/revisions"}],"wp:attachment":[{"href":"https:\/\/anyishayi.org\/index.php?rest_route=%2Fwp%2Fv2%2Fmedia&parent=4271"}],"curies":[{"name":"wp","href":"https:\/\/api.w.org\/{rel}","templated":true}]}}