{"id":4188,"date":"2022-07-12T14:40:58","date_gmt":"2022-07-12T13:40:58","guid":{"rendered":"https:\/\/buena-muntu.fr\/?page_id=4188"},"modified":"2026-03-22T08:26:12","modified_gmt":"2026-03-22T07:26:12","slug":"audiotheque","status":"publish","type":"page","link":"https:\/\/anyishayi.org\/?page_id=4188","title":{"rendered":"Audioth\u00e8que"},"content":{"rendered":"Vous devez \u00eatre connect\u00e9 pour voir ce contenu.","protected":false},"excerpt":{"rendered":"Vous devez \u00eatre connect\u00e9 pour voir ce contenu.","protected":false},"author":1,"featured_media":0,"parent":0,"menu_order":0,"comment_status":"closed","ping_status":"closed","template":"","meta":{"footnotes":""},"class_list":["post-4188","page","type-page","status-publish","hentry"],"_links":{"self":[{"href":"https:\/\/anyishayi.org\/index.php?rest_route=\/wp\/v2\/pages\/4188","targetHints":{"allow":["GET"]}}],"collection":[{"href":"https:\/\/anyishayi.org\/index.php?rest_route=\/wp\/v2\/pages"}],"about":[{"href":"https:\/\/anyishayi.org\/index.php?rest_route=\/wp\/v2\/types\/page"}],"author":[{"embeddable":true,"href":"https:\/\/anyishayi.org\/index.php?rest_route=\/wp\/v2\/users\/1"}],"replies":[{"embeddable":true,"href":"https:\/\/anyishayi.org\/index.php?rest_route=%2Fwp%2Fv2%2Fcomments&post=4188"}],"version-history":[{"count":97,"href":"https:\/\/anyishayi.org\/index.php?rest_route=\/wp\/v2\/pages\/4188\/revisions"}],"predecessor-version":[{"id":6895,"href":"https:\/\/anyishayi.org\/index.php?rest_route=\/wp\/v2\/pages\/4188\/revisions\/6895"}],"wp:attachment":[{"href":"https:\/\/anyishayi.org\/index.php?rest_route=%2Fwp%2Fv2%2Fmedia&parent=4188"}],"curies":[{"name":"wp","href":"https:\/\/api.w.org\/{rel}","templated":true}]}}