{"id":391,"date":"2020-06-04T14:07:11","date_gmt":"2020-06-04T14:07:11","guid":{"rendered":"https:\/\/bridge369.qodeinteractive.com\/?page_id=391"},"modified":"2024-10-29T13:50:40","modified_gmt":"2024-10-29T12:50:40","slug":"buena-muntu-assos","status":"publish","type":"page","link":"https:\/\/anyishayi.org\/?page_id=391","title":{"rendered":"Qui sommes nous"},"content":{"rendered":"\t\t<div data-elementor-type=\"wp-page\" data-elementor-id=\"391\" class=\"elementor elementor-391\">\n\t\t\t\t\t\t<section class=\"elementor-section elementor-top-section elementor-element elementor-element-bc2c9b8 elementor-section-boxed elementor-section-height-default elementor-section-height-default parallax_section_no qode_elementor_container_no\" data-id=\"bc2c9b8\" data-element_type=\"section\" data-e-type=\"section\">\n\t\t\t\t\t\t<div class=\"elementor-container elementor-column-gap-default\">\n\t\t\t\t\t<div class=\"elementor-column elementor-col-100 elementor-top-column elementor-element elementor-element-8dfb39a\" data-id=\"8dfb39a\" data-element_type=\"column\" data-e-type=\"column\">\n\t\t\t<div class=\"elementor-widget-wrap elementor-element-populated\">\n\t\t\t\t\t\t<section class=\"elementor-section elementor-inner-section elementor-element elementor-element-29e1d63 elementor-section-boxed elementor-section-height-default elementor-section-height-default parallax_section_no qode_elementor_container_no\" data-id=\"29e1d63\" data-element_type=\"section\" data-e-type=\"section\">\n\t\t\t\t\t\t<div class=\"elementor-container elementor-column-gap-default\">\n\t\t\t\t\t<div class=\"elementor-column elementor-col-50 elementor-inner-column elementor-element elementor-element-df7526f\" data-id=\"df7526f\" data-element_type=\"column\" data-e-type=\"column\">\n\t\t\t<div class=\"elementor-widget-wrap elementor-element-populated\">\n\t\t\t\t\t\t<div class=\"elementor-element elementor-element-7fdb220 elementor-widget elementor-widget-text-editor\" data-id=\"7fdb220\" data-element_type=\"widget\" data-e-type=\"widget\" data-widget_type=\"text-editor.default\">\n\t\t\t\t<div class=\"elementor-widget-container\">\n\t\t\t\t\t\t\t\t\t<p><span style=\"font-size: 18pt;\"><strong><span style=\"color: #718e58;\">Milau K. Lutumba<\/span><\/strong><\/span><\/p>\t\t\t\t\t\t\t\t<\/div>\n\t\t\t\t<\/div>\n\t\t\t\t<div class=\"elementor-element elementor-element-1ea9967 elementor-widget elementor-widget-image\" data-id=\"1ea9967\" data-element_type=\"widget\" data-e-type=\"widget\" data-widget_type=\"image.default\">\n\t\t\t\t<div class=\"elementor-widget-container\">\n\t\t\t\t\t\t\t\t\t\t\t\t\t\t\t<img decoding=\"async\" width=\"150\" height=\"150\" src=\"https:\/\/anyishayi.org\/wp-content\/uploads\/2021\/10\/Milau-Lutumba-150x150.jpg\" class=\"attachment-thumbnail size-thumbnail wp-image-1598\" alt=\"\" srcset=\"https:\/\/anyishayi.org\/wp-content\/uploads\/2021\/10\/Milau-Lutumba-150x150.jpg 150w, https:\/\/anyishayi.org\/wp-content\/uploads\/2021\/10\/Milau-Lutumba-300x300.jpg 300w, https:\/\/anyishayi.org\/wp-content\/uploads\/2021\/10\/Milau-Lutumba-570x570.jpg 570w, https:\/\/anyishayi.org\/wp-content\/uploads\/2021\/10\/Milau-Lutumba-500x500.jpg 500w, https:\/\/anyishayi.org\/wp-content\/uploads\/2021\/10\/Milau-Lutumba-1000x1000.jpg 1000w, https:\/\/anyishayi.org\/wp-content\/uploads\/2021\/10\/Milau-Lutumba-650x650.jpg 650w, https:\/\/anyishayi.org\/wp-content\/uploads\/2021\/10\/Milau-Lutumba-100x100.jpg 100w, https:\/\/anyishayi.org\/wp-content\/uploads\/2021\/10\/Milau-Lutumba-560x560.jpg 560w\" sizes=\"(max-width: 150px) 100vw, 150px\" \/>\t\t\t\t\t\t\t\t\t\t\t\t\t\t\t<\/div>\n\t\t\t\t<\/div>\n\t\t\t\t\t<\/div>\n\t\t<\/div>\n\t\t\t\t<div class=\"elementor-column elementor-col-50 elementor-inner-column elementor-element elementor-element-fa37761\" data-id=\"fa37761\" data-element_type=\"column\" data-e-type=\"column\">\n\t\t\t<div class=\"elementor-widget-wrap elementor-element-populated\">\n\t\t\t\t\t\t<div class=\"elementor-element elementor-element-a389636 elementor-widget elementor-widget-text-editor\" data-id=\"a389636\" data-element_type=\"widget\" data-e-type=\"widget\" data-widget_type=\"text-editor.default\">\n\t\t\t\t<div class=\"elementor-widget-container\">\n\t\t\t\t\t\t\t\t\t<p><em style=\"background-color: #ffffff; font-size: 18.6667px;\"><strong><span style=\"color: #718e58;\">Je suis issu de l\u2019\u00e9cole traditionnelle africaine et\u00a0 suis passionn\u00e9 en\u00a0 anthropologie culturelle.<\/span><\/strong><\/em><\/p><p><span style=\"font-family: verdana, geneva, sans-serif; font-size: 14pt;\">Comme passeur, mon but est de transmettre la connaissance des Anciens afin que les \u00e9tudiants soient en mesure de diff\u00e9rencier ce qui rel\u00e8ve de nos traditions ancestrales de ce qui est de l\u2019emprunt, l\u2019acculturation. Ce cours s\u2019articule autours des pens\u00e9es fondamentales de nos cultures (au sens anthropologique) Luba principalement et africaines. Des mythes fondateurs Luba jusqu\u2019\u00e0 la question de la place et de l\u2019identit\u00e9 du muluba dans la soci\u00e9t\u00e9 congolaise actuelle.\u00a0<\/span><\/p>\t\t\t\t\t\t\t\t<\/div>\n\t\t\t\t<\/div>\n\t\t\t\t\t<\/div>\n\t\t<\/div>\n\t\t\t\t\t<\/div>\n\t\t<\/section>\n\t\t\t\t<div class=\"elementor-element elementor-element-595df7e elementor-widget elementor-widget-text-editor\" data-id=\"595df7e\" data-element_type=\"widget\" data-e-type=\"widget\" data-widget_type=\"text-editor.default\">\n\t\t\t\t<div class=\"elementor-widget-container\">\n\t\t\t\t\t\t\t\t\t<p style=\"text-align: center;\"><span style=\"font-size: 14pt;\"><em>La dur\u00e9e des cours est de 2h par mois pour le niveau d\u00e9butant et de 1h30 par mois pour le niveau avanc\u00e9<\/em><\/span><\/p>\t\t\t\t\t\t\t\t<\/div>\n\t\t\t\t<\/div>\n\t\t\t\t\t<\/div>\n\t\t<\/div>\n\t\t\t\t\t<\/div>\n\t\t<\/section>\n\t\t\t\t<section class=\"elementor-section elementor-top-section elementor-element elementor-element-b4d6921 elementor-section-boxed elementor-section-height-default elementor-section-height-default parallax_section_no qode_elementor_container_no\" data-id=\"b4d6921\" data-element_type=\"section\" data-e-type=\"section\">\n\t\t\t\t\t\t<div class=\"elementor-container elementor-column-gap-default\">\n\t\t\t\t\t<div class=\"elementor-column elementor-col-100 elementor-top-column elementor-element elementor-element-07dc7ef\" data-id=\"07dc7ef\" data-element_type=\"column\" data-e-type=\"column\">\n\t\t\t<div class=\"elementor-widget-wrap elementor-element-populated\">\n\t\t\t\t\t\t<section class=\"elementor-section elementor-inner-section elementor-element elementor-element-35919d0 elementor-section-boxed elementor-section-height-default elementor-section-height-default parallax_section_no qode_elementor_container_no\" data-id=\"35919d0\" data-element_type=\"section\" data-e-type=\"section\">\n\t\t\t\t\t\t<div class=\"elementor-container elementor-column-gap-default\">\n\t\t\t\t\t<div class=\"elementor-column elementor-col-50 elementor-inner-column elementor-element elementor-element-02da8a6\" data-id=\"02da8a6\" data-element_type=\"column\" data-e-type=\"column\">\n\t\t\t<div class=\"elementor-widget-wrap elementor-element-populated\">\n\t\t\t\t\t\t<div class=\"elementor-element elementor-element-52700a6 elementor-widget elementor-widget-text-editor\" data-id=\"52700a6\" data-element_type=\"widget\" data-e-type=\"widget\" data-widget_type=\"text-editor.default\">\n\t\t\t\t<div class=\"elementor-widget-container\">\n\t\t\t\t\t\t\t\t\t<p><span style=\"color: #718e58; font-size: 18pt;\"><strong>Tosenda Eug\u00e8ne<\/strong><\/span><\/p>\t\t\t\t\t\t\t\t<\/div>\n\t\t\t\t<\/div>\n\t\t\t\t<div class=\"elementor-element elementor-element-648f75b elementor-widget elementor-widget-image\" data-id=\"648f75b\" data-element_type=\"widget\" data-e-type=\"widget\" data-widget_type=\"image.default\">\n\t\t\t\t<div class=\"elementor-widget-container\">\n\t\t\t\t\t\t\t\t\t\t\t\t\t\t\t<img decoding=\"async\" width=\"150\" height=\"150\" src=\"https:\/\/anyishayi.org\/wp-content\/uploads\/2020\/06\/tosenda-150x150.png\" class=\"attachment-thumbnail size-thumbnail wp-image-650\" alt=\"\" srcset=\"https:\/\/anyishayi.org\/wp-content\/uploads\/2020\/06\/tosenda-150x150.png 150w, https:\/\/anyishayi.org\/wp-content\/uploads\/2020\/06\/tosenda-100x100.png 100w\" sizes=\"(max-width: 150px) 100vw, 150px\" \/>\t\t\t\t\t\t\t\t\t\t\t\t\t\t\t<\/div>\n\t\t\t\t<\/div>\n\t\t\t\t\t<\/div>\n\t\t<\/div>\n\t\t\t\t<div class=\"elementor-column elementor-col-50 elementor-inner-column elementor-element elementor-element-ba78f71\" data-id=\"ba78f71\" data-element_type=\"column\" data-e-type=\"column\">\n\t\t\t<div class=\"elementor-widget-wrap elementor-element-populated\">\n\t\t\t\t\t\t<div class=\"elementor-element elementor-element-42c750c elementor-widget elementor-widget-text-editor\" data-id=\"42c750c\" data-element_type=\"widget\" data-e-type=\"widget\" data-widget_type=\"text-editor.default\">\n\t\t\t\t<div class=\"elementor-widget-container\">\n\t\t\t\t\t\t\t\t\t<p><span style=\"font-family: verdana, geneva, sans-serif; font-size: 14pt;\">Ayant fait mes \u00e9tudes \u00e9tudes primaires et secondaires dans la r\u00e9gion du Kasai Oriental plus pr\u00e9cis\u00e9ment \u00e0 Mbuji-Mayi,<\/span><\/p>\n<p><span style=\"font-family: verdana, geneva, sans-serif; font-size: 14pt;\">J&rsquo;ai eu la chance d&rsquo;apprendre le Tshiluba \u00e0 l&rsquo;\u00e9cole primaire et cette exp\u00e9rience a marqu\u00e9 toute mon enfance et ne cesse de m&rsquo;accompagner tout le long de mon existence.<\/span><\/p>\n<p><span style=\"font-family: verdana, geneva, sans-serif; font-size: 14pt;\">Je parle Tshiluba et je trouve un plaisir certain \u00e0 communiquer dans cette langue.<\/span><\/p>\n<p><span style=\"font-family: verdana, geneva, sans-serif; font-size: 14pt;\">C&rsquo;est ainsi que je me suis r\u00e9solu \u00e0 :&nbsp;<\/span><\/p>\t\t\t\t\t\t\t\t<\/div>\n\t\t\t\t<\/div>\n\t\t\t\t\t<\/div>\n\t\t<\/div>\n\t\t\t\t\t<\/div>\n\t\t<\/section>\n\t\t\t\t<div class=\"elementor-element elementor-element-47232a6 elementor-widget elementor-widget-text-editor\" data-id=\"47232a6\" data-element_type=\"widget\" data-e-type=\"widget\" data-widget_type=\"text-editor.default\">\n\t\t\t\t<div class=\"elementor-widget-container\">\n\t\t\t\t\t\t\t\t\t<p><span style=\"color: #718e58; font-size: 14pt;\"><strong><em>Kuakuisha ba kuetu ne ba kua benda badi kabayi bamanya mua kuakula Tshiluba ne bikala ne dijinga dia kuakula Tshiluba.<\/em><\/strong><\/span><\/p>\t\t\t\t\t\t\t\t<\/div>\n\t\t\t\t<\/div>\n\t\t\t\t<div class=\"elementor-element elementor-element-93314e2 elementor-widget elementor-widget-text-editor\" data-id=\"93314e2\" data-element_type=\"widget\" data-e-type=\"widget\" data-widget_type=\"text-editor.default\">\n\t\t\t\t<div class=\"elementor-widget-container\">\n\t\t\t\t\t\t\t\t\t<p style=\"text-align: center;\"><em><span style=\"font-size: 14pt;\">La dur\u00e9e des cours est de 2h par mois pour le niveau d\u00e9butant et de 1h30 par mois <\/span><\/em><em><span style=\"font-size: 14pt;\">pour le niveau avanc\u00e9<\/span><\/em><\/p>\t\t\t\t\t\t\t\t<\/div>\n\t\t\t\t<\/div>\n\t\t\t\t<div class=\"elementor-element elementor-element-4ffbcdb elementor-widget-divider--view-line elementor-widget elementor-widget-divider\" data-id=\"4ffbcdb\" data-element_type=\"widget\" data-e-type=\"widget\" data-widget_type=\"divider.default\">\n\t\t\t\t<div class=\"elementor-widget-container\">\n\t\t\t\t\t\t\t<div class=\"elementor-divider\">\n\t\t\t<span class=\"elementor-divider-separator\">\n\t\t\t\t\t\t<\/span>\n\t\t<\/div>\n\t\t\t\t\t\t<\/div>\n\t\t\t\t<\/div>\n\t\t\t\t\t<\/div>\n\t\t<\/div>\n\t\t\t\t\t<\/div>\n\t\t<\/section>\n\t\t\t\t<section class=\"elementor-section elementor-top-section elementor-element elementor-element-2bb85d0 elementor-section-boxed elementor-section-height-default elementor-section-height-default parallax_section_no qode_elementor_container_no\" data-id=\"2bb85d0\" data-element_type=\"section\" data-e-type=\"section\">\n\t\t\t\t\t\t<div class=\"elementor-container elementor-column-gap-default\">\n\t\t\t\t\t<div class=\"elementor-column elementor-col-25 elementor-top-column elementor-element elementor-element-86df75e\" data-id=\"86df75e\" data-element_type=\"column\" data-e-type=\"column\">\n\t\t\t<div class=\"elementor-widget-wrap elementor-element-populated\">\n\t\t\t\t\t\t<div class=\"elementor-element elementor-element-84992f8 elementor-widget elementor-widget-text-editor\" data-id=\"84992f8\" data-element_type=\"widget\" data-e-type=\"widget\" data-widget_type=\"text-editor.default\">\n\t\t\t\t<div class=\"elementor-widget-container\">\n\t\t\t\t\t\t\t\t\t<p><span style=\"font-family: verdana, geneva, sans-serif;\"><em><span style=\"font-size: 14pt;\"><strong><span style=\"color: #718e58;\">Nvula wakaleja\u00a0 Kalume kuabu<\/span><\/strong><\/span><\/em><\/span><\/p>\t\t\t\t\t\t\t\t<\/div>\n\t\t\t\t<\/div>\n\t\t\t\t<div class=\"elementor-element elementor-element-dddf855 elementor-widget elementor-widget-text-editor\" data-id=\"dddf855\" data-element_type=\"widget\" data-e-type=\"widget\" data-widget_type=\"text-editor.default\">\n\t\t\t\t<div class=\"elementor-widget-container\">\n\t\t\t\t\t\t\t\t\t<p><span style=\"font-size: 14pt; font-family: verdana, geneva, sans-serif;\">Je suis n\u00e9e au Grand Kasayi et le tshiluba est ma langue maternelle et paternelle. La culture et la tradition luba m&rsquo;ont \u00e9t\u00e9 transmises en famille quand mes grands-parents venaient en visite chez nous, \u00e0 Luluabourg.<\/span><\/p><p><span style=\"font-size: 14pt; font-family: verdana, geneva, sans-serif;\">J&rsquo;ai fait la p\u00e9dagogie et j\u2019ai enseign\u00e9 \u00e0 de nombreuses personnes notre langue.<\/span><\/p>\t\t\t\t\t\t\t\t<\/div>\n\t\t\t\t<\/div>\n\t\t\t\t\t<\/div>\n\t\t<\/div>\n\t\t\t\t<div class=\"elementor-column elementor-col-25 elementor-top-column elementor-element elementor-element-eecbb48\" data-id=\"eecbb48\" data-element_type=\"column\" data-e-type=\"column\">\n\t\t\t<div class=\"elementor-widget-wrap\">\n\t\t\t\t\t\t\t<\/div>\n\t\t<\/div>\n\t\t\t\t<div class=\"elementor-column elementor-col-25 elementor-top-column elementor-element elementor-element-2cdc708\" data-id=\"2cdc708\" data-element_type=\"column\" data-e-type=\"column\">\n\t\t\t<div class=\"elementor-widget-wrap elementor-element-populated\">\n\t\t\t\t\t\t<div class=\"elementor-element elementor-element-a65bd01 elementor-widget elementor-widget-text-editor\" data-id=\"a65bd01\" data-element_type=\"widget\" data-e-type=\"widget\" data-widget_type=\"text-editor.default\">\n\t\t\t\t<div class=\"elementor-widget-container\">\n\t\t\t\t\t\t\t\t\t<p><span style=\"font-size: 18pt; color: #718e58;\"><strong>Bilonda Monique<\/strong><\/span><\/p>\t\t\t\t\t\t\t\t<\/div>\n\t\t\t\t<\/div>\n\t\t\t\t<div class=\"elementor-element elementor-element-b66cf6a elementor-widget elementor-widget-image\" data-id=\"b66cf6a\" data-element_type=\"widget\" data-e-type=\"widget\" data-widget_type=\"image.default\">\n\t\t\t\t<div class=\"elementor-widget-container\">\n\t\t\t\t\t\t\t\t\t\t\t\t\t\t\t<img decoding=\"async\" width=\"150\" height=\"150\" src=\"https:\/\/anyishayi.org\/wp-content\/uploads\/2021\/12\/maman-monique-2-150x150.jpeg\" class=\"attachment-thumbnail size-thumbnail wp-image-3175\" alt=\"\" srcset=\"https:\/\/anyishayi.org\/wp-content\/uploads\/2021\/12\/maman-monique-2-150x150.jpeg 150w, https:\/\/anyishayi.org\/wp-content\/uploads\/2021\/12\/maman-monique-2-300x300.jpeg 300w, https:\/\/anyishayi.org\/wp-content\/uploads\/2021\/12\/maman-monique-2-100x100.jpeg 100w\" sizes=\"(max-width: 150px) 100vw, 150px\" \/>\t\t\t\t\t\t\t\t\t\t\t\t\t\t\t<\/div>\n\t\t\t\t<\/div>\n\t\t\t\t\t<\/div>\n\t\t<\/div>\n\t\t\t\t<div class=\"elementor-column elementor-col-25 elementor-top-column elementor-element elementor-element-19d567b\" data-id=\"19d567b\" data-element_type=\"column\" data-e-type=\"column\">\n\t\t\t<div class=\"elementor-widget-wrap\">\n\t\t\t\t\t\t\t<\/div>\n\t\t<\/div>\n\t\t\t\t\t<\/div>\n\t\t<\/section>\n\t\t\t\t<section class=\"elementor-section elementor-top-section elementor-element elementor-element-8a38dd9 elementor-section-boxed elementor-section-height-default elementor-section-height-default parallax_section_no qode_elementor_container_no\" data-id=\"8a38dd9\" data-element_type=\"section\" data-e-type=\"section\">\n\t\t\t\t\t\t<div class=\"elementor-container elementor-column-gap-default\">\n\t\t\t\t\t<div class=\"elementor-column elementor-col-100 elementor-top-column elementor-element elementor-element-5f8ff68\" data-id=\"5f8ff68\" data-element_type=\"column\" data-e-type=\"column\">\n\t\t\t<div class=\"elementor-widget-wrap elementor-element-populated\">\n\t\t\t\t\t\t<div class=\"elementor-element elementor-element-2f26780 elementor-widget elementor-widget-text-editor\" data-id=\"2f26780\" data-element_type=\"widget\" data-e-type=\"widget\" data-widget_type=\"text-editor.default\">\n\t\t\t\t<div class=\"elementor-widget-container\">\n\t\t\t\t\t\t\t\t\t<p><span style=\"font-size: 14pt;\">La dur\u00e9e des cours est de 2h par mois pour le niveau d\u00e9butant et de 1h30 par mois pour le niveau avanc\u00e9<\/span><\/p>\t\t\t\t\t\t\t\t<\/div>\n\t\t\t\t<\/div>\n\t\t\t\t\t<\/div>\n\t\t<\/div>\n\t\t\t\t\t<\/div>\n\t\t<\/section>\n\t\t\t\t<\/div>\n\t\t","protected":false},"excerpt":{"rendered":"<p>Milau K. Lutumba Je suis issu de l\u2019\u00e9cole traditionnelle africaine et\u00a0 suis passionn\u00e9 en\u00a0 anthropologie culturelle. Comme passeur, mon but est de transmettre la connaissance des Anciens afin que les \u00e9tudiants soient en mesure de diff\u00e9rencier ce qui rel\u00e8ve de nos traditions ancestrales de ce&#8230;<\/p>\n","protected":false},"author":1,"featured_media":834,"parent":0,"menu_order":0,"comment_status":"closed","ping_status":"closed","template":"full_width.php","meta":{"footnotes":""},"class_list":["post-391","page","type-page","status-publish","has-post-thumbnail","hentry"],"_links":{"self":[{"href":"https:\/\/anyishayi.org\/index.php?rest_route=\/wp\/v2\/pages\/391","targetHints":{"allow":["GET"]}}],"collection":[{"href":"https:\/\/anyishayi.org\/index.php?rest_route=\/wp\/v2\/pages"}],"about":[{"href":"https:\/\/anyishayi.org\/index.php?rest_route=\/wp\/v2\/types\/page"}],"author":[{"embeddable":true,"href":"https:\/\/anyishayi.org\/index.php?rest_route=\/wp\/v2\/users\/1"}],"replies":[{"embeddable":true,"href":"https:\/\/anyishayi.org\/index.php?rest_route=%2Fwp%2Fv2%2Fcomments&post=391"}],"version-history":[{"count":0,"href":"https:\/\/anyishayi.org\/index.php?rest_route=\/wp\/v2\/pages\/391\/revisions"}],"wp:featuredmedia":[{"embeddable":true,"href":"https:\/\/anyishayi.org\/index.php?rest_route=\/wp\/v2\/media\/834"}],"wp:attachment":[{"href":"https:\/\/anyishayi.org\/index.php?rest_route=%2Fwp%2Fv2%2Fmedia&parent=391"}],"curies":[{"name":"wp","href":"https:\/\/api.w.org\/{rel}","templated":true}]}}