{"id":3155,"date":"2021-12-12T20:10:57","date_gmt":"2021-12-12T19:10:57","guid":{"rendered":"https:\/\/buena-muntu.fr\/?page_id=3155"},"modified":"2022-08-09T18:21:38","modified_gmt":"2022-08-09T17:21:38","slug":"enregistrement","status":"publish","type":"page","link":"https:\/\/anyishayi.org\/?page_id=3155","title":{"rendered":"ENREGISTREMENT"},"content":{"rendered":"Vous devez \u00eatre connect\u00e9 pour voir ce contenu.","protected":false},"excerpt":{"rendered":"Vous devez \u00eatre connect\u00e9 pour voir ce contenu.","protected":false},"author":1,"featured_media":0,"parent":0,"menu_order":0,"comment_status":"closed","ping_status":"closed","template":"","meta":{"footnotes":""},"class_list":["post-3155","page","type-page","status-publish","hentry"],"_links":{"self":[{"href":"https:\/\/anyishayi.org\/index.php?rest_route=\/wp\/v2\/pages\/3155","targetHints":{"allow":["GET"]}}],"collection":[{"href":"https:\/\/anyishayi.org\/index.php?rest_route=\/wp\/v2\/pages"}],"about":[{"href":"https:\/\/anyishayi.org\/index.php?rest_route=\/wp\/v2\/types\/page"}],"author":[{"embeddable":true,"href":"https:\/\/anyishayi.org\/index.php?rest_route=\/wp\/v2\/users\/1"}],"replies":[{"embeddable":true,"href":"https:\/\/anyishayi.org\/index.php?rest_route=%2Fwp%2Fv2%2Fcomments&post=3155"}],"version-history":[{"count":0,"href":"https:\/\/anyishayi.org\/index.php?rest_route=\/wp\/v2\/pages\/3155\/revisions"}],"wp:attachment":[{"href":"https:\/\/anyishayi.org\/index.php?rest_route=%2Fwp%2Fv2%2Fmedia&parent=3155"}],"curies":[{"name":"wp","href":"https:\/\/api.w.org\/{rel}","templated":true}]}}