{"id":2913,"date":"2021-11-28T12:31:28","date_gmt":"2021-11-28T11:31:28","guid":{"rendered":"https:\/\/buena-muntu.fr\/?page_id=2913"},"modified":"2025-07-23T09:43:29","modified_gmt":"2025-07-23T08:43:29","slug":"mediatheque","status":"publish","type":"page","link":"https:\/\/anyishayi.org\/?page_id=2913","title":{"rendered":"M\u00e9diath\u00e8que"},"content":{"rendered":"Vous devez \u00eatre connect\u00e9 pour voir ce contenu.","protected":false},"excerpt":{"rendered":"Vous devez \u00eatre connect\u00e9 pour voir ce contenu.","protected":false},"author":1,"featured_media":0,"parent":0,"menu_order":0,"comment_status":"closed","ping_status":"closed","template":"","meta":{"footnotes":""},"class_list":["post-2913","page","type-page","status-publish","hentry"],"_links":{"self":[{"href":"https:\/\/anyishayi.org\/index.php?rest_route=\/wp\/v2\/pages\/2913","targetHints":{"allow":["GET"]}}],"collection":[{"href":"https:\/\/anyishayi.org\/index.php?rest_route=\/wp\/v2\/pages"}],"about":[{"href":"https:\/\/anyishayi.org\/index.php?rest_route=\/wp\/v2\/types\/page"}],"author":[{"embeddable":true,"href":"https:\/\/anyishayi.org\/index.php?rest_route=\/wp\/v2\/users\/1"}],"replies":[{"embeddable":true,"href":"https:\/\/anyishayi.org\/index.php?rest_route=%2Fwp%2Fv2%2Fcomments&post=2913"}],"version-history":[{"count":2,"href":"https:\/\/anyishayi.org\/index.php?rest_route=\/wp\/v2\/pages\/2913\/revisions"}],"predecessor-version":[{"id":5958,"href":"https:\/\/anyishayi.org\/index.php?rest_route=\/wp\/v2\/pages\/2913\/revisions\/5958"}],"wp:attachment":[{"href":"https:\/\/anyishayi.org\/index.php?rest_route=%2Fwp%2Fv2%2Fmedia&parent=2913"}],"curies":[{"name":"wp","href":"https:\/\/api.w.org\/{rel}","templated":true}]}}