{"id":1857,"date":"2021-10-11T18:02:48","date_gmt":"2021-10-11T18:02:48","guid":{"rendered":"http:\/\/buena-muntu.fr\/?page_id=1857"},"modified":"2025-09-16T18:32:10","modified_gmt":"2025-09-16T17:32:10","slug":"inscription-aux-cours","status":"publish","type":"page","link":"https:\/\/anyishayi.org\/?page_id=1857","title":{"rendered":"Inscription aux cours"},"content":{"rendered":"\t\t<div data-elementor-type=\"wp-page\" data-elementor-id=\"1857\" class=\"elementor elementor-1857\">\n\t\t\t\t\t\t<section class=\"elementor-section elementor-top-section elementor-element elementor-element-994922b elementor-section-boxed elementor-section-height-default elementor-section-height-default parallax_section_no qode_elementor_container_no\" data-id=\"994922b\" data-element_type=\"section\" data-e-type=\"section\">\n\t\t\t\t\t\t<div class=\"elementor-container elementor-column-gap-default\">\n\t\t\t\t\t<div class=\"elementor-column elementor-col-100 elementor-top-column elementor-element elementor-element-cb68624\" data-id=\"cb68624\" data-element_type=\"column\" data-e-type=\"column\">\n\t\t\t<div class=\"elementor-widget-wrap elementor-element-populated\">\n\t\t\t\t\t\t<div class=\"elementor-element elementor-element-9c6ad08 elementor-widget elementor-widget-heading\" data-id=\"9c6ad08\" data-element_type=\"widget\" data-e-type=\"widget\" data-widget_type=\"heading.default\">\n\t\t\t\t<div class=\"elementor-widget-container\">\n\t\t\t\t\t<h2 class=\"elementor-heading-title elementor-size-xl\">Formulaire d'inscription aux cours<\/h2>\t\t\t\t<\/div>\n\t\t\t\t<\/div>\n\t\t\t\t<div class=\"elementor-element elementor-element-a196452 elementor-widget elementor-widget-heading\" data-id=\"a196452\" data-element_type=\"widget\" data-e-type=\"widget\" data-widget_type=\"heading.default\">\n\t\t\t\t<div class=\"elementor-widget-container\">\n\t\t\t\t\t<h2 class=\"elementor-heading-title elementor-size-xl\">de tshiluba et culture bantu<\/h2>\t\t\t\t<\/div>\n\t\t\t\t<\/div>\n\t\t\t\t<div class=\"elementor-element elementor-element-9355ebd elementor-widget elementor-widget-heading\" data-id=\"9355ebd\" data-element_type=\"widget\" data-e-type=\"widget\" data-widget_type=\"heading.default\">\n\t\t\t\t<div class=\"elementor-widget-container\">\n\t\t\t\t\t<h2 class=\"elementor-heading-title elementor-size-xl\">Association Anyishayi<\/h2>\t\t\t\t<\/div>\n\t\t\t\t<\/div>\n\t\t\t\t<div class=\"elementor-element elementor-element-20390fe elementor-widget elementor-widget-spacer\" data-id=\"20390fe\" data-element_type=\"widget\" data-e-type=\"widget\" data-widget_type=\"spacer.default\">\n\t\t\t\t<div class=\"elementor-widget-container\">\n\t\t\t\t\t\t\t<div class=\"elementor-spacer\">\n\t\t\t<div class=\"elementor-spacer-inner\"><\/div>\n\t\t<\/div>\n\t\t\t\t\t\t<\/div>\n\t\t\t\t<\/div>\n\t\t\t\t<section class=\"elementor-section elementor-inner-section elementor-element elementor-element-bc776ac elementor-section-boxed elementor-section-height-default elementor-section-height-default parallax_section_no qode_elementor_container_no\" data-id=\"bc776ac\" data-element_type=\"section\" data-e-type=\"section\">\n\t\t\t\t\t\t<div class=\"elementor-container elementor-column-gap-default\">\n\t\t\t\t\t<div class=\"elementor-column elementor-col-50 elementor-inner-column elementor-element elementor-element-1d3606c\" data-id=\"1d3606c\" data-element_type=\"column\" data-e-type=\"column\">\n\t\t\t<div class=\"elementor-widget-wrap elementor-element-populated\">\n\t\t\t\t\t\t<div class=\"elementor-element elementor-element-0563df6 elementor-widget elementor-widget-text-editor\" data-id=\"0563df6\" data-element_type=\"widget\" data-e-type=\"widget\" data-widget_type=\"text-editor.default\">\n\t\t\t\t<div class=\"elementor-widget-container\">\n\t\t\t\t\t\t\t\t\t<p style=\"text-align: center;\"><strong><span style=\"font-size: 18pt;\">L&rsquo;association Anyishayi est une association la\u00efc et apolitique, qui a pour but de faire conna\u00eetre la culture et la langue luba.<\/span><\/strong><\/p>\t\t\t\t\t\t\t\t<\/div>\n\t\t\t\t<\/div>\n\t\t\t\t\t<\/div>\n\t\t<\/div>\n\t\t\t\t<div class=\"elementor-column elementor-col-50 elementor-inner-column elementor-element elementor-element-5f39d6b\" data-id=\"5f39d6b\" data-element_type=\"column\" data-e-type=\"column\">\n\t\t\t<div class=\"elementor-widget-wrap\">\n\t\t\t\t\t\t\t<\/div>\n\t\t<\/div>\n\t\t\t\t\t<\/div>\n\t\t<\/section>\n\t\t\t\t<div class=\"elementor-element elementor-element-3ecbeef elementor-widget elementor-widget-spacer\" data-id=\"3ecbeef\" data-element_type=\"widget\" data-e-type=\"widget\" data-widget_type=\"spacer.default\">\n\t\t\t\t<div class=\"elementor-widget-container\">\n\t\t\t\t\t\t\t<div class=\"elementor-spacer\">\n\t\t\t<div class=\"elementor-spacer-inner\"><\/div>\n\t\t<\/div>\n\t\t\t\t\t\t<\/div>\n\t\t\t\t<\/div>\n\t\t\t\t<div class=\"elementor-element elementor-element-f2dab05 elementor-widget elementor-widget-text-editor\" data-id=\"f2dab05\" data-element_type=\"widget\" data-e-type=\"widget\" data-widget_type=\"text-editor.default\">\n\t\t\t\t<div class=\"elementor-widget-container\">\n\t\t\t\t\t\t\t\t\t<p><span style=\"font-size: 18pt; color: #000000;\"><em>Pour participer aux cours de Tshiluba et\u00a0 de Culture Bantu, rien de plus simple.<\/em><\/span><\/p><p>\u00a0<\/p><p style=\"text-align: center;\"><strong><span style=\"font-size: 18pt; color: #ba8b4e;\">Cliquez sur l&rsquo;icone ci-dessous ou scannez le QRC.<\/span><\/strong><\/p><p>\u00a0<\/p><p><span style=\"font-size: 18pt; color: #000000;\"><em>Les cours se composent, pour tous les niveaux, de 2h de cours de culture luba, 2h de cours de\u00a0 compr\u00e9hension et 2h de conversation par mois.<\/em><\/span><\/p><p>\u00a0<\/p><p><span style=\"color: #000000; font-size: 18pt;\"><em>La participation aux cours\u00a0 est de 200\u20ac pour l&rsquo;ann\u00e9e payable en 1 fois ou 3 fois<\/em><\/span><span style=\"color: #000000; font-size: 18pt;\"><em>.<\/em><\/span><\/p><p><span style=\"color: #000000; font-size: 18pt;\"><em>Une fois votre incription finalis\u00e9e vous pourrez commencer les cours et avoir acc\u00e8s \u00e0 ce site.<\/em><\/span><\/p><p><span style=\"font-size: 18pt;\"><span style=\"color: #000000;\">Pour toute question, utilisez le formulaire<\/span> <strong><span style=\"color: #ba8b4e;\">Contactez nous<\/span><\/strong>.<\/span><\/p>\t\t\t\t\t\t\t\t<\/div>\n\t\t\t\t<\/div>\n\t\t\t\t\t<\/div>\n\t\t<\/div>\n\t\t\t\t\t<\/div>\n\t\t<\/section>\n\t\t\t\t<section class=\"elementor-section elementor-top-section elementor-element elementor-element-9a6ce96 elementor-section-boxed elementor-section-height-default elementor-section-height-default parallax_section_no qode_elementor_container_no\" data-id=\"9a6ce96\" data-element_type=\"section\" data-e-type=\"section\">\n\t\t\t\t\t\t<div class=\"elementor-container elementor-column-gap-default\">\n\t\t\t\t\t<div class=\"elementor-column elementor-col-20 elementor-top-column elementor-element elementor-element-965d673\" data-id=\"965d673\" data-element_type=\"column\" data-e-type=\"column\">\n\t\t\t<div class=\"elementor-widget-wrap\">\n\t\t\t\t\t\t\t<\/div>\n\t\t<\/div>\n\t\t\t\t<div class=\"elementor-column elementor-col-20 elementor-top-column elementor-element elementor-element-9e44d44\" data-id=\"9e44d44\" data-element_type=\"column\" data-e-type=\"column\">\n\t\t\t<div class=\"elementor-widget-wrap elementor-element-populated\">\n\t\t\t\t\t\t<div class=\"elementor-element elementor-element-f060e5a elementor-widget elementor-widget-image\" data-id=\"f060e5a\" data-element_type=\"widget\" data-e-type=\"widget\" data-widget_type=\"image.default\">\n\t\t\t\t<div class=\"elementor-widget-container\">\n\t\t\t\t\t\t\t\t\t\t\t\t<figure class=\"wp-caption\">\n\t\t\t\t\t\t\t\t\t\t\t<a href=\"https:\/\/www.helloasso.com\/associations\/anyishayi\/adhesions\/inscription-aux-cours-anyishayi-2026\">\n\t\t\t\t\t\t\t<img fetchpriority=\"high\" decoding=\"async\" width=\"360\" height=\"353\" src=\"https:\/\/anyishayi.org\/wp-content\/uploads\/2024\/10\/logo-Anyishayi_2.png\" class=\"attachment-large size-large wp-image-5173\" alt=\"\" srcset=\"https:\/\/anyishayi.org\/wp-content\/uploads\/2024\/10\/logo-Anyishayi_2.png 360w, https:\/\/anyishayi.org\/wp-content\/uploads\/2024\/10\/logo-Anyishayi_2-300x294.png 300w\" sizes=\"(max-width: 360px) 100vw, 360px\" \/>\t\t\t\t\t\t\t\t<\/a>\n\t\t\t\t\t\t\t\t\t\t\t<figcaption class=\"widget-image-caption wp-caption-text\">Cliquez ici pour vous inscrire<\/figcaption>\n\t\t\t\t\t\t\t\t\t\t<\/figure>\n\t\t\t\t\t\t\t\t\t<\/div>\n\t\t\t\t<\/div>\n\t\t\t\t\t<\/div>\n\t\t<\/div>\n\t\t\t\t<div class=\"elementor-column elementor-col-20 elementor-top-column elementor-element elementor-element-7d69a8a\" data-id=\"7d69a8a\" data-element_type=\"column\" data-e-type=\"column\">\n\t\t\t<div class=\"elementor-widget-wrap\">\n\t\t\t\t\t\t\t<\/div>\n\t\t<\/div>\n\t\t\t\t<div class=\"elementor-column elementor-col-20 elementor-top-column elementor-element elementor-element-31fde15\" data-id=\"31fde15\" data-element_type=\"column\" data-e-type=\"column\">\n\t\t\t<div class=\"elementor-widget-wrap elementor-element-populated\">\n\t\t\t\t\t\t<div class=\"elementor-element elementor-element-b0b9b38 elementor-widget elementor-widget-image\" data-id=\"b0b9b38\" data-element_type=\"widget\" data-e-type=\"widget\" data-widget_type=\"image.default\">\n\t\t\t\t<div class=\"elementor-widget-container\">\n\t\t\t\t\t\t\t\t\t\t\t\t<figure class=\"wp-caption\">\n\t\t\t\t\t\t\t\t\t\t<img decoding=\"async\" width=\"600\" height=\"600\" src=\"https:\/\/anyishayi.org\/wp-content\/uploads\/2025\/09\/qrcode-Inscription-Anyishayi-2026.png\" class=\"attachment-large size-large wp-image-6360\" alt=\"\" srcset=\"https:\/\/anyishayi.org\/wp-content\/uploads\/2025\/09\/qrcode-Inscription-Anyishayi-2026.png 600w, https:\/\/anyishayi.org\/wp-content\/uploads\/2025\/09\/qrcode-Inscription-Anyishayi-2026-300x300.png 300w, https:\/\/anyishayi.org\/wp-content\/uploads\/2025\/09\/qrcode-Inscription-Anyishayi-2026-150x150.png 150w, https:\/\/anyishayi.org\/wp-content\/uploads\/2025\/09\/qrcode-Inscription-Anyishayi-2026-570x570.png 570w, https:\/\/anyishayi.org\/wp-content\/uploads\/2025\/09\/qrcode-Inscription-Anyishayi-2026-500x500.png 500w, https:\/\/anyishayi.org\/wp-content\/uploads\/2025\/09\/qrcode-Inscription-Anyishayi-2026-100x100.png 100w, https:\/\/anyishayi.org\/wp-content\/uploads\/2025\/09\/qrcode-Inscription-Anyishayi-2026-560x560.png 560w\" sizes=\"(max-width: 600px) 100vw, 600px\" \/>\t\t\t\t\t\t\t\t\t\t\t<figcaption class=\"widget-image-caption wp-caption-text\">Scannez ce QRC pour vous inscrire<\/figcaption>\n\t\t\t\t\t\t\t\t\t\t<\/figure>\n\t\t\t\t\t\t\t\t\t<\/div>\n\t\t\t\t<\/div>\n\t\t\t\t\t<\/div>\n\t\t<\/div>\n\t\t\t\t<div class=\"elementor-column elementor-col-20 elementor-top-column elementor-element elementor-element-87e9326\" data-id=\"87e9326\" data-element_type=\"column\" data-e-type=\"column\">\n\t\t\t<div class=\"elementor-widget-wrap\">\n\t\t\t\t\t\t\t<\/div>\n\t\t<\/div>\n\t\t\t\t\t<\/div>\n\t\t<\/section>\n\t\t\t\t<\/div>\n\t\t","protected":false},"excerpt":{"rendered":"<p>Formulaire d&rsquo;inscription aux cours de tshiluba et culture bantu Association Anyishayi L&rsquo;association Anyishayi est une association la\u00efc et apolitique, qui a pour but de faire conna\u00eetre la culture et la langue luba. Pour participer aux cours de Tshiluba et\u00a0 de Culture Bantu, rien de plus&#8230;<\/p>\n","protected":false},"author":1,"featured_media":0,"parent":0,"menu_order":0,"comment_status":"closed","ping_status":"closed","template":"","meta":{"footnotes":""},"class_list":["post-1857","page","type-page","status-publish","hentry"],"_links":{"self":[{"href":"https:\/\/anyishayi.org\/index.php?rest_route=\/wp\/v2\/pages\/1857","targetHints":{"allow":["GET"]}}],"collection":[{"href":"https:\/\/anyishayi.org\/index.php?rest_route=\/wp\/v2\/pages"}],"about":[{"href":"https:\/\/anyishayi.org\/index.php?rest_route=\/wp\/v2\/types\/page"}],"author":[{"embeddable":true,"href":"https:\/\/anyishayi.org\/index.php?rest_route=\/wp\/v2\/users\/1"}],"replies":[{"embeddable":true,"href":"https:\/\/anyishayi.org\/index.php?rest_route=%2Fwp%2Fv2%2Fcomments&post=1857"}],"version-history":[{"count":3,"href":"https:\/\/anyishayi.org\/index.php?rest_route=\/wp\/v2\/pages\/1857\/revisions"}],"predecessor-version":[{"id":6363,"href":"https:\/\/anyishayi.org\/index.php?rest_route=\/wp\/v2\/pages\/1857\/revisions\/6363"}],"wp:attachment":[{"href":"https:\/\/anyishayi.org\/index.php?rest_route=%2Fwp%2Fv2%2Fmedia&parent=1857"}],"curies":[{"name":"wp","href":"https:\/\/api.w.org\/{rel}","templated":true}]}}