{"id":1538,"date":"2021-10-02T14:07:34","date_gmt":"2021-10-02T14:07:34","guid":{"rendered":"http:\/\/buena-muntu.fr\/?page_id=1538"},"modified":"2026-01-31T19:22:19","modified_gmt":"2026-01-31T18:22:19","slug":"dictionnaire-tshiluba-francais","status":"publish","type":"page","link":"https:\/\/anyishayi.org\/?page_id=1538","title":{"rendered":"Dictionnaire Tshiluba &#8211; Fran\u00e7ais"},"content":{"rendered":"Vous devez \u00eatre connect\u00e9 pour voir ce contenu.","protected":false},"excerpt":{"rendered":"Vous devez \u00eatre connect\u00e9 pour voir ce contenu.","protected":false},"author":1,"featured_media":0,"parent":0,"menu_order":0,"comment_status":"closed","ping_status":"closed","template":"","meta":{"footnotes":""},"class_list":["post-1538","page","type-page","status-publish","hentry"],"_links":{"self":[{"href":"https:\/\/anyishayi.org\/index.php?rest_route=\/wp\/v2\/pages\/1538","targetHints":{"allow":["GET"]}}],"collection":[{"href":"https:\/\/anyishayi.org\/index.php?rest_route=\/wp\/v2\/pages"}],"about":[{"href":"https:\/\/anyishayi.org\/index.php?rest_route=\/wp\/v2\/types\/page"}],"author":[{"embeddable":true,"href":"https:\/\/anyishayi.org\/index.php?rest_route=\/wp\/v2\/users\/1"}],"replies":[{"embeddable":true,"href":"https:\/\/anyishayi.org\/index.php?rest_route=%2Fwp%2Fv2%2Fcomments&post=1538"}],"version-history":[{"count":3,"href":"https:\/\/anyishayi.org\/index.php?rest_route=\/wp\/v2\/pages\/1538\/revisions"}],"predecessor-version":[{"id":6817,"href":"https:\/\/anyishayi.org\/index.php?rest_route=\/wp\/v2\/pages\/1538\/revisions\/6817"}],"wp:attachment":[{"href":"https:\/\/anyishayi.org\/index.php?rest_route=%2Fwp%2Fv2%2Fmedia&parent=1538"}],"curies":[{"name":"wp","href":"https:\/\/api.w.org\/{rel}","templated":true}]}}